{"id":21,"date":"2015-01-28T10:34:33","date_gmt":"2015-01-28T09:34:33","guid":{"rendered":"http:\/\/kabando.de\/velvet-monkees\/?page_id=21"},"modified":"2015-01-28T10:34:33","modified_gmt":"2015-01-28T09:34:33","slug":"infos-zum-erwerb","status":"publish","type":"page","link":"http:\/\/kabando.de\/velvet-monkees\/infos-zum-erwerb\/","title":{"rendered":"Infos zum Erwerb"},"content":{"rendered":"<p>Du hast ein interessantes St\u00fcck gefunden und m\u00f6chtest wissen, wie du es erwerben kannst? Das ist ganz einfach:<\/p>\n<p><strong>Kontaktaufnahme: Mach mir ein Angebot<\/strong><br \/>\nUnter jedem Artikel findest du die M\u00f6glichkeit eine Antwort zu hinterlassen. Nutze diese Funktion um mir Kontakt aufzunehmen und dein Angebot zu unterbreiten &#8211; bitte Name und Emailadresse angeben, damit ich antworten kann. Gib bitte auch gleich an, ob du per Paypal oder Bank\u00fcberweisung zahlen m\u00f6chtest.<\/p>\n<p><strong>Versandkosten<\/strong><br \/>\nDie Versandkosten sind immer bereits im Preis enthalten, ich versende gleich nach Zahlungseingang per Hermes.<\/p>\n<p><strong>Wichtige Hinweise<\/strong><br \/>\nIch verkaufe die St\u00fccke meiner Velvet Monkees Sammlung von privat. Es handelt sich durchweg um gebrauchte Ware. Art, Beschaffenheit, Gr\u00f6\u00dfe und Zustand eines jedes St\u00fcckes habe ich nach bestem Wissen und Gewissen detalliert beschrieben. Gew\u00e4hrleistung, Garantie, Umtausch, Widerruf und R\u00fcckgabe sind daher ausgeschlossen.<\/p>\n","protected":false},"excerpt":{"rendered":"<p>Du hast ein interessantes St\u00fcck gefunden und m\u00f6chtest wissen, wie du es erwerben kannst? Das ist ganz einfach: Kontaktaufnahme: Mach mir ein Angebot Unter jedem Artikel findest du die M\u00f6glichkeit eine Antwort zu hinterlassen. Nutze diese Funktion um mir Kontakt aufzunehmen und dein Angebot zu unterbreiten &#8211; bitte Name und Emailadresse angeben, damit ich antworten &hellip; <a href=\"http:\/\/kabando.de\/velvet-monkees\/infos-zum-erwerb\/\" class=\"more-link\"><span class=\"screen-reader-text\">Infos zum Erwerb<\/span> weiterlesen <span class=\"meta-nav\">&rarr;<\/span><\/a><\/p>\n","protected":false},"author":1,"featured_media":0,"parent":0,"menu_order":0,"comment_status":"closed","ping_status":"closed","template":"","meta":[],"_links":{"self":[{"href":"http:\/\/kabando.de\/velvet-monkees\/wp-json\/wp\/v2\/pages\/21"}],"collection":[{"href":"http:\/\/kabando.de\/velvet-monkees\/wp-json\/wp\/v2\/pages"}],"about":[{"href":"http:\/\/kabando.de\/velvet-monkees\/wp-json\/wp\/v2\/types\/page"}],"author":[{"embeddable":true,"href":"http:\/\/kabando.de\/velvet-monkees\/wp-json\/wp\/v2\/users\/1"}],"replies":[{"embeddable":true,"href":"http:\/\/kabando.de\/velvet-monkees\/wp-json\/wp\/v2\/comments?post=21"}],"version-history":[{"count":1,"href":"http:\/\/kabando.de\/velvet-monkees\/wp-json\/wp\/v2\/pages\/21\/revisions"}],"predecessor-version":[{"id":22,"href":"http:\/\/kabando.de\/velvet-monkees\/wp-json\/wp\/v2\/pages\/21\/revisions\/22"}],"wp:attachment":[{"href":"http:\/\/kabando.de\/velvet-monkees\/wp-json\/wp\/v2\/media?parent=21"}],"curies":[{"name":"wp","href":"https:\/\/api.w.org\/{rel}","templated":true}]}}